{"id":36,"date":"2026-01-21T11:30:54","date_gmt":"2026-01-21T11:30:54","guid":{"rendered":"https:\/\/brignais.wasmer.app\/?page_id=36"},"modified":"2026-02-04T20:35:09","modified_gmt":"2026-02-04T20:35:09","slug":"leglise-saint-clair","status":"publish","type":"page","link":"https:\/\/www.brignaisguide.com\/?page_id=36","title":{"rendered":"L\u2019\u00e9glise Saint-Clair"},"content":{"rendered":"\n<p>Dedicated to Saint Clair (c. 590\u2013660), patron saint of the blind and visually impaired, the Church of Saint-Clair occupies the spiritual and historical heart of Brignais. Although the parish church existed long before, the current structure results from a complete reconstruction between 1859 and 1862, led by Abb\u00e9 Rival, parish priest from 1846 to 1867.<\/p>\n\n\n\n<p>The architectural project was first entrusted to Jean Mauvernay, then taken over by Clair Tisseur, a native of Saint-Foy-l\u00e8s-Lyon and better known under his literary pseudonym Nizier du Puitspelu, author of the <em>Littr\u00e9 de la Grande C\u00f4te<\/em>. Together, they created a coherent neo-Gothic ensemble inspired by the 13th-century ogival style, revived during the 19th century.<\/p>\n\n\n\n<p>From the medieval church, two elements remain:<\/p>\n\n\n\n<ul class=\"wp-block-list\">\n<li>the large crucifix above the entrance porch,<\/li>\n\n\n\n<li>and the largest bell, cast in 1492, listed as a historic monument in 1905.<\/li>\n<\/ul>\n\n\n\n<p>The interior furnishings, entirely designed by Abb\u00e9 Rival, form a rare stylistic unity. Notable features include finely carved woodwork by the sculptor Aubert, side altars by Fabisch (renowned decorator of Fourvi\u00e8re), and stained-glass windows by Alexandre Mauvernay, whose choir windows depict major figures of the Old and New Testaments. The baptismal font remains in use, while the grand organ, originating from the Benedictine Abbey of Pradines, was installed in 1998 and restored between 2009 and 2012.<\/p>\n\n\n<div class=\"wp-block-image\">\n<figure class=\"aligncenter size-full\"><img loading=\"lazy\" decoding=\"async\" width=\"502\" height=\"750\" src=\"https:\/\/www.brignaisguide.com\/wp-content\/uploads\/2026\/02\/Church-2.jpg\" alt=\"\" class=\"wp-image-151\" srcset=\"https:\/\/www.brignaisguide.com\/wp-content\/uploads\/2026\/02\/Church-2.jpg 502w, https:\/\/www.brignaisguide.com\/wp-content\/uploads\/2026\/02\/Church-2-201x300.jpg 201w\" sizes=\"auto, (max-width: 502px) 100vw, 502px\" \/><\/figure>\n<\/div>\n\n\n<div class=\"wp-block-columns is-layout-flex wp-container-core-columns-is-layout-9d6595d7 wp-block-columns-is-layout-flex\">\n<div class=\"wp-block-column is-vertically-aligned-center is-layout-flow wp-block-column-is-layout-flow\"><div class=\"wp-block-image\">\n<figure class=\"aligncenter size-full\"><img loading=\"lazy\" decoding=\"async\" width=\"563\" height=\"750\" src=\"https:\/\/www.brignaisguide.com\/wp-content\/uploads\/2026\/02\/Church-5.jpg\" alt=\"\" class=\"wp-image-154\" srcset=\"https:\/\/www.brignaisguide.com\/wp-content\/uploads\/2026\/02\/Church-5.jpg 563w, https:\/\/www.brignaisguide.com\/wp-content\/uploads\/2026\/02\/Church-5-225x300.jpg 225w\" sizes=\"auto, (max-width: 563px) 100vw, 563px\" \/><\/figure>\n<\/div><\/div>\n\n\n\n<div class=\"wp-block-column is-layout-flow wp-block-column-is-layout-flow\"><div class=\"wp-block-image\">\n<figure class=\"aligncenter size-full\"><img loading=\"lazy\" decoding=\"async\" width=\"563\" height=\"750\" src=\"https:\/\/www.brignaisguide.com\/wp-content\/uploads\/2026\/02\/Church-6.jpg\" alt=\"\" class=\"wp-image-155\" srcset=\"https:\/\/www.brignaisguide.com\/wp-content\/uploads\/2026\/02\/Church-6.jpg 563w, https:\/\/www.brignaisguide.com\/wp-content\/uploads\/2026\/02\/Church-6-225x300.jpg 225w\" sizes=\"auto, (max-width: 563px) 100vw, 563px\" \/><\/figure>\n<\/div><\/div>\n<\/div>\n\n\n\n<div class=\"wp-block-columns is-layout-flex wp-container-core-columns-is-layout-9d6595d7 wp-block-columns-is-layout-flex\">\n<div class=\"wp-block-column is-vertically-aligned-center is-layout-flow wp-block-column-is-layout-flow\"><div class=\"wp-block-image\">\n<figure class=\"aligncenter size-full\"><img loading=\"lazy\" decoding=\"async\" width=\"563\" height=\"750\" src=\"https:\/\/www.brignaisguide.com\/wp-content\/uploads\/2026\/02\/Church-4.jpg\" alt=\"\" class=\"wp-image-153\" srcset=\"https:\/\/www.brignaisguide.com\/wp-content\/uploads\/2026\/02\/Church-4.jpg 563w, https:\/\/www.brignaisguide.com\/wp-content\/uploads\/2026\/02\/Church-4-225x300.jpg 225w\" sizes=\"auto, (max-width: 563px) 100vw, 563px\" \/><\/figure>\n<\/div><\/div>\n\n\n\n<div class=\"wp-block-column is-layout-flow wp-block-column-is-layout-flow\"><div class=\"wp-block-image\">\n<figure class=\"aligncenter size-full\"><img loading=\"lazy\" decoding=\"async\" width=\"563\" height=\"750\" src=\"https:\/\/www.brignaisguide.com\/wp-content\/uploads\/2026\/02\/Church-7.jpg\" alt=\"\" class=\"wp-image-156\" srcset=\"https:\/\/www.brignaisguide.com\/wp-content\/uploads\/2026\/02\/Church-7.jpg 563w, https:\/\/www.brignaisguide.com\/wp-content\/uploads\/2026\/02\/Church-7-225x300.jpg 225w\" sizes=\"auto, (max-width: 563px) 100vw, 563px\" \/><\/figure>\n<\/div><\/div>\n<\/div>\n\n\n<div class=\"wp-block-image\">\n<figure class=\"aligncenter size-full\"><img loading=\"lazy\" decoding=\"async\" width=\"1000\" height=\"750\" src=\"https:\/\/www.brignaisguide.com\/wp-content\/uploads\/2026\/02\/Church-3.jpg\" alt=\"\" class=\"wp-image-152\" srcset=\"https:\/\/www.brignaisguide.com\/wp-content\/uploads\/2026\/02\/Church-3.jpg 1000w, https:\/\/www.brignaisguide.com\/wp-content\/uploads\/2026\/02\/Church-3-300x225.jpg 300w, https:\/\/www.brignaisguide.com\/wp-content\/uploads\/2026\/02\/Church-3-768x576.jpg 768w\" sizes=\"auto, (max-width: 1000px) 100vw, 1000px\" \/><\/figure>\n<\/div>\n\n\n<p><strong>Location: 1 Rue de l&#8217;\u00c9glise, 69530 Brignais, France<\/strong><\/p>\n\n\n<div class=\"wp-block-image\">\n<figure class=\"aligncenter size-full\"><img loading=\"lazy\" decoding=\"async\" width=\"1000\" height=\"550\" src=\"https:\/\/www.brignaisguide.com\/wp-content\/uploads\/2026\/02\/Church-1.jpg\" alt=\"\" class=\"wp-image-150\" srcset=\"https:\/\/www.brignaisguide.com\/wp-content\/uploads\/2026\/02\/Church-1.jpg 1000w, https:\/\/www.brignaisguide.com\/wp-content\/uploads\/2026\/02\/Church-1-300x165.jpg 300w, https:\/\/www.brignaisguide.com\/wp-content\/uploads\/2026\/02\/Church-1-768x422.jpg 768w\" sizes=\"auto, (max-width: 1000px) 100vw, 1000px\" \/><\/figure>\n<\/div>","protected":false},"excerpt":{"rendered":"<p>Dedicated to Saint Clair (c. 590\u2013660), patron saint of the blind and visually impaired, the Church of Saint-Clair occupies the spiritual and historical heart of Brignais. Although the parish church existed long before, the current structure results from a complete reconstruction between 1859 and 1862, led by Abb\u00e9 Rival, parish priest from 1846 to 1867. [&hellip;]<\/p>\n","protected":false},"author":1,"featured_media":0,"parent":8,"menu_order":115,"comment_status":"closed","ping_status":"closed","template":"","meta":{"footnotes":""},"class_list":["post-36","page","type-page","status-publish","hentry","post"],"_links":{"self":[{"href":"https:\/\/www.brignaisguide.com\/index.php?rest_route=\/wp\/v2\/pages\/36","targetHints":{"allow":["GET"]}}],"collection":[{"href":"https:\/\/www.brignaisguide.com\/index.php?rest_route=\/wp\/v2\/pages"}],"about":[{"href":"https:\/\/www.brignaisguide.com\/index.php?rest_route=\/wp\/v2\/types\/page"}],"author":[{"embeddable":true,"href":"https:\/\/www.brignaisguide.com\/index.php?rest_route=\/wp\/v2\/users\/1"}],"replies":[{"embeddable":true,"href":"https:\/\/www.brignaisguide.com\/index.php?rest_route=%2Fwp%2Fv2%2Fcomments&post=36"}],"version-history":[{"count":0,"href":"https:\/\/www.brignaisguide.com\/index.php?rest_route=\/wp\/v2\/pages\/36\/revisions"}],"up":[{"embeddable":true,"href":"https:\/\/www.brignaisguide.com\/index.php?rest_route=\/wp\/v2\/pages\/8"}],"wp:attachment":[{"href":"https:\/\/www.brignaisguide.com\/index.php?rest_route=%2Fwp%2Fv2%2Fmedia&parent=36"}],"curies":[{"name":"wp","href":"https:\/\/api.w.org\/{rel}","templated":true}]}}